{"id":126,"date":"2024-11-29T07:08:46","date_gmt":"2024-11-29T07:08:46","guid":{"rendered":"https:\/\/mantmx.com\/?page_id=126"},"modified":"2024-11-29T09:06:16","modified_gmt":"2024-11-29T09:06:16","slug":"paleria-soldadura-fabricacion","status":"publish","type":"page","link":"https:\/\/mantmx.com\/?page_id=126","title":{"rendered":"Paler\u00eda\/Soldadura\/Fabricaci\u00f3n"},"content":{"rendered":"\n<div class=\"wp-block-group alignfull is-layout-constrained wp-container-core-group-is-layout-12 wp-block-group-is-layout-constrained\" style=\"margin-top:0;margin-bottom:0;padding-top:0px;padding-right:0px;padding-bottom:0px;padding-left:0px\">\n<div class=\"wp-block-columns alignfull has-background is-layout-flex wp-container-core-columns-is-layout-1 wp-block-columns-is-layout-flex\" style=\"background-color:#29282d;margin-top:0;margin-bottom:0;padding-top:0;padding-right:0;padding-bottom:0;padding-left:0\">\n<div class=\"wp-block-column is-vertically-aligned-center is-layout-flow wp-container-core-column-is-layout-1 wp-block-column-is-layout-flow\" style=\"padding-top:0;padding-right:0px;padding-bottom:0;padding-left:0px\">\n<div class=\"wp-block-group alignwide is-layout-constrained wp-container-core-group-is-layout-2 wp-block-group-is-layout-constrained\" style=\"margin-top:0;margin-bottom:0;padding-top:40px;padding-right:50px;padding-bottom:30px;padding-left:50px\">\n<div class=\"wp-block-group is-layout-constrained wp-container-core-group-is-layout-1 wp-block-group-is-layout-constrained\">\n<h2 class=\"wp-block-heading animated animated-fadeInUp has-background-color has-text-color has-slider-title-font-size\" style=\"line-height:1.1;text-transform:uppercase\">Bienes y servicios de calidad, para su total satisfacci\u00f3n.<\/h2>\n<\/div>\n\n\n\n<p class=\"animated animated-fadeInUp has-background-color has-text-color has-poppins-font-family has-extra-small-font-size\" style=\"font-style:normal;font-weight:300\">Grupo especializado en proyectos e instalaciones para la industria alimentaria, en trabajos de acero inoxidable, acero al carb\u00f3n ejecutado trabajos en otras \u00e1reas y con diversos materiales con gran \u00e9xito. Contamos con una trayectoria y experiencia de m\u00e1s de 25 a\u00f1os en el sector, lo cual respalda nuestro trabajo, contamos con capital humano que pone su experiencia y habilidades para el bien com\u00fan y en beneficio de ambas partes, siempre trabajando bajo normas e internacionales siendo respetuosos del medio ambiente y de los lineamientos particulares de nuestros clientes.<\/p>\n\n\n\n<div class=\"wp-block-buttons animated animated-fadeInUp is-content-justification-left is-layout-flex wp-container-core-buttons-is-layout-1 wp-block-buttons-is-layout-flex\" style=\"margin-top:35px;margin-bottom:20px\">\n<div class=\"wp-block-button is-style-fill\"><a class=\"wp-block-button__link has-background-color has-primary-background-color has-text-color has-background wp-element-button\" href=\"#\" style=\"border-radius:5px;padding-top:10px;padding-right:35px;padding-bottom:10px;padding-left:35px\">Contacto<\/a><\/div>\n<\/div>\n<\/div>\n<\/div>\n\n\n\n<div class=\"wp-block-column is-layout-flow wp-container-core-column-is-layout-2 wp-block-column-is-layout-flow\" style=\"padding-top:0;padding-right:0;padding-bottom:0;padding-left:0\">\n<div class=\"wp-block-group animated animated-fadeInUp image-zoom-hover is-layout-flow wp-container-core-group-is-layout-3 wp-block-group-is-layout-flow\" style=\"margin-top:0;margin-bottom:0;padding-top:0;padding-right:0;padding-bottom:0;padding-left:0\">\n<figure class=\"wp-block-image size-large is-resized is-style-default wp-duotone-unset-1\"><img loading=\"lazy\" decoding=\"async\" width=\"1024\" height=\"1024\" src=\"https:\/\/mantmx.com\/wp-content\/uploads\/2023\/03\/1-1024x1024.png\" alt=\"\" class=\"wp-image-81\" style=\"width:592px\" srcset=\"https:\/\/mantmx.com\/wp-content\/uploads\/2023\/03\/1-1024x1024.png 1024w, https:\/\/mantmx.com\/wp-content\/uploads\/2023\/03\/1-300x300.png 300w, https:\/\/mantmx.com\/wp-content\/uploads\/2023\/03\/1-150x150.png 150w, https:\/\/mantmx.com\/wp-content\/uploads\/2023\/03\/1-768x768.png 768w, https:\/\/mantmx.com\/wp-content\/uploads\/2023\/03\/1.png 1080w\" sizes=\"(max-width: 1024px) 100vw, 1024px\" \/><\/figure>\n<\/div>\n<\/div>\n<\/div>\n\n\n\n<div class=\"wp-block-columns alignfull has-background is-layout-flex wp-container-core-columns-is-layout-2 wp-block-columns-is-layout-flex\" style=\"background-color:#29282d;margin-top:0;margin-bottom:0;padding-top:0;padding-right:0;padding-bottom:0;padding-left:0\">\n<div class=\"wp-block-column is-layout-flow wp-container-core-column-is-layout-3 wp-block-column-is-layout-flow\" style=\"padding-top:0;padding-right:0;padding-bottom:0;padding-left:0\">\n<div class=\"wp-block-group animated animated-fadeInUp image-zoom-hover is-layout-flow wp-container-core-group-is-layout-4 wp-block-group-is-layout-flow\" style=\"margin-top:0;margin-bottom:0;padding-top:0;padding-right:0;padding-bottom:0;padding-left:0\">\n<figure class=\"wp-block-image size-full\"><img loading=\"lazy\" decoding=\"async\" width=\"1198\" height=\"627\" src=\"http:\/\/mantmx.com\/wp-content\/uploads\/2023\/03\/Design-1.png\" alt=\"\" class=\"wp-image-84\" style=\"object-fit:cover\" srcset=\"https:\/\/mantmx.com\/wp-content\/uploads\/2023\/03\/Design-1.png 1198w, https:\/\/mantmx.com\/wp-content\/uploads\/2023\/03\/Design-1-300x157.png 300w, https:\/\/mantmx.com\/wp-content\/uploads\/2023\/03\/Design-1-1024x536.png 1024w, https:\/\/mantmx.com\/wp-content\/uploads\/2023\/03\/Design-1-768x402.png 768w\" sizes=\"(max-width: 1198px) 100vw, 1198px\" \/><\/figure>\n<\/div>\n<\/div>\n\n\n\n<div class=\"wp-block-column is-vertically-aligned-center is-layout-flow wp-block-column-is-layout-flow\">\n<div class=\"wp-block-group alignwide is-layout-constrained wp-container-core-group-is-layout-6 wp-block-group-is-layout-constrained\" style=\"margin-top:0;margin-bottom:0;padding-top:30px;padding-right:50px;padding-bottom:30px;padding-left:50px\">\n<div class=\"wp-block-group is-layout-constrained wp-container-core-group-is-layout-5 wp-block-group-is-layout-constrained\">\n<h2 class=\"wp-block-heading animated animated-fadeInUp has-background-color has-text-color has-slider-title-font-size\" style=\"line-height:1.1;text-transform:uppercase\">SERVICIOS QUE OFRECEMOS<\/h2>\n<\/div>\n\n\n\n<ul class=\"wp-block-list\">\n<li>Dise\u00f1o, Fabricaci\u00f3n y reparaci\u00f3n de tanques.<\/li>\n\n\n\n<li>Tendido de tuber\u00edas.<\/li>\n\n\n\n<li>Fabricaci\u00f3n de muebles para laboratorio<\/li>\n\n\n\n<li>Fabricaci\u00f3n de cabezales de v\u00e1lvulas manuales y neum\u00e1ticas.<\/li>\n\n\n\n<li>Acondicionamiento y optimizaci\u00f3n de \u00e1reas.<\/li>\n\n\n\n<li>Dise\u00f1o y Fabricaci\u00f3n de Herramentales<\/li>\n<\/ul>\n\n\n\n<div class=\"wp-block-buttons animated animated-fadeInUp is-content-justification-left is-layout-flex wp-container-core-buttons-is-layout-2 wp-block-buttons-is-layout-flex\" style=\"margin-top:35px;margin-bottom:20px\">\n<div class=\"wp-block-button is-style-fill\"><a class=\"wp-block-button__link has-background-color has-primary-background-color has-text-color has-background wp-element-button\" href=\"#\" style=\"border-radius:5px;padding-top:10px;padding-right:35px;padding-bottom:10px;padding-left:35px\">Contacto<\/a><\/div>\n<\/div>\n<\/div>\n<\/div>\n<\/div>\n\n\n\n<div class=\"wp-block-columns alignfull has-background is-layout-flex wp-container-core-columns-is-layout-3 wp-block-columns-is-layout-flex\" style=\"background-color:#29282d;margin-top:0;margin-bottom:0;padding-top:0;padding-right:0;padding-bottom:0;padding-left:0\">\n<div class=\"wp-block-column is-vertically-aligned-top is-layout-flow wp-block-column-is-layout-flow\" style=\"padding-top:0;padding-right:0;padding-bottom:0\">\n<div class=\"wp-block-group alignwide is-layout-constrained wp-container-core-group-is-layout-8 wp-block-group-is-layout-constrained\" style=\"margin-top:0;margin-bottom:0;padding-top:30px;padding-right:50px;padding-bottom:30px;padding-left:50px\">\n<div class=\"wp-block-group is-layout-constrained wp-container-core-group-is-layout-7 wp-block-group-is-layout-constrained\">\n<h2 class=\"wp-block-heading alignwide animated animated-fadeInUp has-background-color has-text-color has-slider-title-font-size\" style=\"line-height:1.1;text-transform:uppercase\">&#8230;<\/h2>\n<\/div>\n\n\n\n<ul class=\"wp-block-list\">\n<li>Dise\u00f1o y fabricaci\u00f3n de herramentales de prueba<\/li>\n\n\n\n<li>Dise\u00f1o y fabricaci\u00f3n de herramentales de sellado por ultrasonido<\/li>\n\n\n\n<li>Rehabilitaci\u00f3n y mantenimiento de maquinaria existente.<\/li>\n\n\n\n<li>Sistemas de clarificado de jarabe.<\/li>\n\n\n\n<li>Sistemas de limpieza CIP.<\/li>\n\n\n\n<li>Sistemas de preparado de bebidas.<\/li>\n<\/ul>\n\n\n\n<div class=\"wp-block-buttons animated animated-fadeInUp is-content-justification-left is-layout-flex wp-container-core-buttons-is-layout-3 wp-block-buttons-is-layout-flex\" style=\"margin-top:35px;margin-bottom:20px\">\n<div class=\"wp-block-button is-style-fill\"><a class=\"wp-block-button__link has-background-color has-primary-background-color has-text-color has-background wp-element-button\" href=\"#\" style=\"border-radius:5px;padding-top:10px;padding-right:35px;padding-bottom:10px;padding-left:35px\">Contacto<\/a><\/div>\n<\/div>\n<\/div>\n\n\n\n<div class=\"wp-block-group alignwide is-layout-constrained wp-container-core-group-is-layout-10 wp-block-group-is-layout-constrained\" style=\"margin-top:0;margin-bottom:0;padding-top:30px;padding-right:50px;padding-bottom:30px;padding-left:50px\">\n<div class=\"wp-block-group title-holder is-layout-constrained wp-block-group-is-layout-constrained\" style=\"margin-top:0;margin-bottom:0\">\n<figure class=\"wp-block-image is-style-rounded\"><img loading=\"lazy\" decoding=\"async\" width=\"740\" height=\"900\" src=\"https:\/\/mantmx.com\/wp-content\/uploads\/2023\/03\/Untitled-1.png\" alt=\"\" class=\"wp-image-94\" srcset=\"https:\/\/mantmx.com\/wp-content\/uploads\/2023\/03\/Untitled-1.png 740w, https:\/\/mantmx.com\/wp-content\/uploads\/2023\/03\/Untitled-1-247x300.png 247w\" sizes=\"(max-width: 740px) 100vw, 740px\" \/><\/figure>\n<\/div>\n<\/div>\n<\/div>\n\n\n\n<div class=\"wp-block-column is-layout-flow wp-block-column-is-layout-flow\" style=\"padding-top:0;padding-right:0;padding-bottom:0;padding-left:0\">\n<div class=\"wp-block-group animated animated-fadeInUp image-zoom-hover is-layout-flow wp-container-core-group-is-layout-11 wp-block-group-is-layout-flow\" style=\"margin-top:0;margin-bottom:0;padding-top:0;padding-right:0;padding-bottom:0;padding-left:0\">\n<figure class=\"wp-block-image size-full is-resized is-style-rounded\"><img loading=\"lazy\" decoding=\"async\" width=\"740\" height=\"900\" src=\"https:\/\/mantmx.com\/wp-content\/uploads\/2023\/03\/Soldadura1.png\" alt=\"\" class=\"wp-image-68\" style=\"aspect-ratio:1.5;object-fit:cover;width:589px\" srcset=\"https:\/\/mantmx.com\/wp-content\/uploads\/2023\/03\/Soldadura1.png 740w, https:\/\/mantmx.com\/wp-content\/uploads\/2023\/03\/Soldadura1-247x300.png 247w\" sizes=\"(max-width: 740px) 100vw, 740px\" \/><\/figure>\n<\/div>\n\n\n\n<h2 class=\"wp-block-heading alignwide animated animated-fadeInUp has-background-color has-text-color has-slider-title-font-size\" style=\"line-height:1.1;text-transform:uppercase\">&#8230;<\/h2>\n\n\n\n<ul class=\"wp-block-list\">\n<li>Procesos de pasteurizaci\u00f3n.<\/li>\n\n\n\n<li>Acabados pulidos, espejo, satinados, sanitarios.<\/li>\n\n\n\n<li>Soldaduras camareadas, plata, aluminio, etc.<\/li>\n\n\n\n<li>Tinas de balance, filtros prensa, tubos de sostenimiento.<\/li>\n\n\n\n<li>Sistemas de vapor.<\/li>\n\n\n\n<li>Equipos chiller.<\/li>\n<\/ul>\n\n\n\n<p><\/p>\n\n\n\n<div class=\"wp-block-buttons animated animated-fadeInUp is-content-justification-left is-layout-flex wp-container-core-buttons-is-layout-4 wp-block-buttons-is-layout-flex\" style=\"margin-top:35px;margin-bottom:20px\">\n<div class=\"wp-block-button is-style-fill\"><a class=\"wp-block-button__link has-background-color has-primary-background-color has-text-color has-background wp-element-button\" href=\"#\" style=\"border-radius:5px;padding-top:10px;padding-right:35px;padding-bottom:10px;padding-left:35px\">Contacto<\/a><\/div>\n<\/div>\n<\/div>\n<\/div>\n<\/div>\n","protected":false},"excerpt":{"rendered":"<p>Bienes y servicios de calidad, para su total satisfacci\u00f3n. Grupo especializado en proyectos e instalaciones para la industria alimentaria, en trabajos de acero inoxidable, acero al carb\u00f3n ejecutado trabajos en [&hellip;]<\/p>\n","protected":false},"author":1,"featured_media":27,"parent":0,"menu_order":0,"comment_status":"closed","ping_status":"closed","template":"","meta":{"footnotes":""},"class_list":["post-126","page","type-page","status-publish","has-post-thumbnail","hentry"],"_links":{"self":[{"href":"https:\/\/mantmx.com\/index.php?rest_route=\/wp\/v2\/pages\/126"}],"collection":[{"href":"https:\/\/mantmx.com\/index.php?rest_route=\/wp\/v2\/pages"}],"about":[{"href":"https:\/\/mantmx.com\/index.php?rest_route=\/wp\/v2\/types\/page"}],"author":[{"embeddable":true,"href":"https:\/\/mantmx.com\/index.php?rest_route=\/wp\/v2\/users\/1"}],"replies":[{"embeddable":true,"href":"https:\/\/mantmx.com\/index.php?rest_route=%2Fwp%2Fv2%2Fcomments&post=126"}],"version-history":[{"count":4,"href":"https:\/\/mantmx.com\/index.php?rest_route=\/wp\/v2\/pages\/126\/revisions"}],"predecessor-version":[{"id":139,"href":"https:\/\/mantmx.com\/index.php?rest_route=\/wp\/v2\/pages\/126\/revisions\/139"}],"wp:featuredmedia":[{"embeddable":true,"href":"https:\/\/mantmx.com\/index.php?rest_route=\/wp\/v2\/media\/27"}],"wp:attachment":[{"href":"https:\/\/mantmx.com\/index.php?rest_route=%2Fwp%2Fv2%2Fmedia&parent=126"}],"curies":[{"name":"wp","href":"https:\/\/api.w.org\/{rel}","templated":true}]}}