{"id":110,"date":"2024-11-28T07:00:09","date_gmt":"2024-11-28T07:00:09","guid":{"rendered":"https:\/\/mantmx.com\/?page_id=110"},"modified":"2024-11-28T08:39:38","modified_gmt":"2024-11-28T08:39:38","slug":"electrico-2","status":"publish","type":"page","link":"https:\/\/mantmx.com\/?page_id=110","title":{"rendered":"El\u00e9ctrico"},"content":{"rendered":"\n<p>SOLUCIONES R\u00c1PIDAS Y EFICIENTES.<\/p>\n\n\n\n<div class=\"wp-block-group is-nowrap is-layout-flex wp-container-core-group-is-layout-1 wp-block-group-is-layout-flex\">\n<p class=\"has-content-heading-font-size\">Instalaciones y Mantenimiento El\u00e9ctricas Industriales.<\/p>\n<\/div>\n\n\n\n<div class=\"wp-block-columns is-layout-flex wp-container-core-columns-is-layout-1 wp-block-columns-is-layout-flex\">\n<div class=\"wp-block-column is-layout-flow wp-block-column-is-layout-flow\">\n<ul class=\"wp-block-list\">\n<li>Mufas y Preparaci\u00f3n de CFE Trif\u00e1sicas&nbsp;<\/li>\n\n\n\n<li>Instalaci\u00f3n de Tierras F\u00edsicas Aisladas.<\/li>\n\n\n\n<li>Instalaciones de Corriente Regulada.<\/li>\n\n\n\n<li>Instalaci\u00f3n de Bater\u00edas de Respaldo<\/li>\n\n\n\n<li>Fugas de Corrientes<\/li>\n\n\n\n<li>Consumos Altos<\/li>\n\n\n\n<li>Cuadros de Cargas de CFE<\/li>\n\n\n\n<li>Reparaci\u00f3n e Instalaci\u00f3n de Alumbrado.<\/li>\n<\/ul>\n<\/div>\n\n\n\n<div class=\"wp-block-column is-layout-flow wp-block-column-is-layout-flow\">\n<ul class=\"wp-block-list\">\n<li>Reparaci\u00f3n de Bombas de Agua.<\/li>\n\n\n\n<li>Reparaci\u00f3n de Cortos Circuitos.<\/li>\n\n\n\n<li>Interruptores T\u00e9rmicos.<\/li>\n\n\n\n<li>Tableros de Control de Sistemas Autom\u00e1ticos.<\/li>\n\n\n\n<li>Interruptores de Cuchillas.<\/li>\n\n\n\n<li>Balanceo de Tableros de Distribuci\u00f3n.<\/li>\n\n\n\n<li>Cableado El\u00e9ctrico. Distribuci\u00f3n<\/li>\n\n\n\n<li>Bases de Medidor Trif\u00e1sico, Alto voltaje.<\/li>\n<\/ul>\n<\/div>\n<\/div>\n\n\n\n<p class=\"has-content-heading-font-size\">Instalaciones y Mantenimiento El\u00e9ctricas Comerciales.<\/p>\n\n\n\n<div class=\"wp-block-columns is-layout-flex wp-container-core-columns-is-layout-2 wp-block-columns-is-layout-flex\">\n<div class=\"wp-block-column is-layout-flow wp-block-column-is-layout-flow\">\n<ul class=\"wp-block-list\">\n<li>Balanceo de Tableros de Distribuci\u00f3n.<\/li>\n\n\n\n<li>Cableado El\u00e9ctrico.<\/li>\n\n\n\n<li>Bases de Medidor Monof\u00e1sico Bif\u00e1sico Trif\u00e1sico.<\/li>\n\n\n\n<li>Mufas preparaci\u00f3n de CFE<\/li>\n\n\n\n<li>Instalaci\u00f3n de tierras f\u00edsicas.<\/li>\n\n\n\n<li>Mantenimiento El\u00e9ctrico en General.<\/li>\n\n\n\n<li>Consumos Altos de Energ\u00eda.<\/li>\n\n\n\n<li>Interruptores de Cuchillas, T\u00e9rmicos.<\/li>\n<\/ul>\n<\/div>\n\n\n\n<div class=\"wp-block-column is-layout-flow wp-block-column-is-layout-flow\">\n<ul class=\"wp-block-list\">\n<li>Reparaci\u00f3n e Instalaci\u00f3n de Alumbrado.<\/li>\n\n\n\n<li>Reparaci\u00f3n de Bombas de Agua.<\/li>\n\n\n\n<li>Reparaci\u00f3n de Cortos Circuitos.<\/li>\n\n\n\n<li>Instalaciones de Cableado de Distribuci\u00f3n.<\/li>\n\n\n\n<li>Instalaci\u00f3n de Alimentaciones.<\/li>\n\n\n\n<li>Controles Autom\u00e1ticos.<\/li>\n\n\n\n<li>Tableros de Control de Sistemas Autom\u00e1ticos.<\/li>\n<\/ul>\n<\/div>\n<\/div>\n\n\n\n<p class=\"has-content-heading-font-size\"><\/p>\n\n\n\n<p class=\"has-content-heading-font-size\">Instalaciones y Mantenimiento El\u00e9ctricas Domesticas.<\/p>\n\n\n\n<div class=\"wp-block-columns is-layout-flex wp-container-core-columns-is-layout-3 wp-block-columns-is-layout-flex\">\n<div class=\"wp-block-column is-layout-flow wp-block-column-is-layout-flow\">\n<ul class=\"wp-block-list\">\n<li>Mufas Bif\u00e1sicos Monof\u00e1sico.<\/li>\n\n\n\n<li>Fallas El\u00e9ctricas<\/li>\n\n\n\n<li>Fugas de Corrientes<\/li>\n\n\n\n<li>Consumos Altos<\/li>\n\n\n\n<li>Apagadores Wife<\/li>\n\n\n\n<li>Variaciones de Voltaje<\/li>\n\n\n\n<li>Instalaci\u00f3n de Cableado de Distribuci\u00f3n.<\/li>\n\n\n\n<li>Instalaci\u00f3n de Cableado de Alimentaci\u00f3n<\/li>\n\n\n\n<li>Reparaci\u00f3n e Instalaci\u00f3n de Alumbrado<\/li>\n<\/ul>\n<\/div>\n\n\n\n<div class=\"wp-block-column is-layout-flow wp-block-column-is-layout-flow\">\n<ul class=\"wp-block-list\">\n<li>Reparaci\u00f3n de Cortos Circuitos.<\/li>\n\n\n\n<li>Instalaci\u00f3n de Cableado de Distribuci\u00f3n.<\/li>\n\n\n\n<li>Instalaci\u00f3n de Cableado de Alimentaci\u00f3n.<\/li>\n\n\n\n<li>Reparaci\u00f3n de Bombas de Agua<\/li>\n\n\n\n<li>Controles Autom\u00e1ticos.<\/li>\n\n\n\n<li>Tableros de Control de Sistemas Autom\u00e1ticos.<\/li>\n\n\n\n<li>Interruptores de Cuchillas, T\u00e9rmicos<\/li>\n\n\n\n<li>Bases de Medidor Monof\u00e1sico Bif\u00e1sico Trif\u00e1sico.<\/li>\n<\/ul>\n<\/div>\n<\/div>\n\n\n\n<p><\/p>\n","protected":false},"excerpt":{"rendered":"<p>SOLUCIONES R\u00c1PIDAS Y EFICIENTES. Instalaciones y Mantenimiento El\u00e9ctricas Industriales. Instalaciones y Mantenimiento El\u00e9ctricas Comerciales. Instalaciones y Mantenimiento El\u00e9ctricas Domesticas.<\/p>\n","protected":false},"author":1,"featured_media":0,"parent":0,"menu_order":0,"comment_status":"closed","ping_status":"closed","template":"","meta":{"footnotes":""},"class_list":["post-110","page","type-page","status-publish","hentry"],"_links":{"self":[{"href":"https:\/\/mantmx.com\/index.php?rest_route=\/wp\/v2\/pages\/110"}],"collection":[{"href":"https:\/\/mantmx.com\/index.php?rest_route=\/wp\/v2\/pages"}],"about":[{"href":"https:\/\/mantmx.com\/index.php?rest_route=\/wp\/v2\/types\/page"}],"author":[{"embeddable":true,"href":"https:\/\/mantmx.com\/index.php?rest_route=\/wp\/v2\/users\/1"}],"replies":[{"embeddable":true,"href":"https:\/\/mantmx.com\/index.php?rest_route=%2Fwp%2Fv2%2Fcomments&post=110"}],"version-history":[{"count":2,"href":"https:\/\/mantmx.com\/index.php?rest_route=\/wp\/v2\/pages\/110\/revisions"}],"predecessor-version":[{"id":125,"href":"https:\/\/mantmx.com\/index.php?rest_route=\/wp\/v2\/pages\/110\/revisions\/125"}],"wp:attachment":[{"href":"https:\/\/mantmx.com\/index.php?rest_route=%2Fwp%2Fv2%2Fmedia&parent=110"}],"curies":[{"name":"wp","href":"https:\/\/api.w.org\/{rel}","templated":true}]}}